{"id":25465,"date":"2019-12-18T18:03:43","date_gmt":"2019-12-18T18:03:43","guid":{"rendered":"https:\/\/pluss.profound.ee\/?page_id=25465"},"modified":"2020-05-20T09:02:26","modified_gmt":"2020-05-20T06:02:26","slug":"services","status":"publish","type":"page","link":"https:\/\/uusmaapluss.ee\/en\/services","title":{"rendered":"Services"},"content":{"rendered":"<div class=\"wpb-content-wrapper\"><p>[vc_row full_width=&#8221;stretch_row&#8221; el_id=&#8221;landingThree&#8221;][vc_column][vc_row_inner][vc_column_inner width=&#8221;2\/3&#8243;][vc_column_text]Choosing a real estate agency is an important decision to find a hassle-free investment, a home that meets your expectations or a buyer for your real estate at the best possible price. Because of the large amounts involved in real estate transactions, it is extremely important to have a proper administration and a competent broker to advise and guide the whole process!<\/p>\n<div class=\"servicesCont\">\n<div class=\"serviceOne\">\n<h3>Consulting<\/h3>\n<p>We offer both buying and selling consulting and investment consulting.<br \/>\n<a href=\"\/en\/services\/consulting\">Read more<\/a><\/p>\n<\/div>\n<div class=\"serviceSix\">\n<h3>Buying real estate<\/h3>\n<p>Uus Maa Plus brokers will help you find a buyer for your real estate quickly.<br \/>\n<a href=\"\/en\/services\/buying-real-estate\">Read more<\/a><\/p>\n<\/div>\n<div class=\"serviceThree\">\n<h3>Renting real estate<\/h3>\n<p>Our brokers will help you quickly find the right tenant for your property.<br \/>\n<a href=\"\/en\/services\/selling-real-estate\">Read more<\/a><\/p>\n<\/div>\n<div class=\"serviceFour\">\n<h3>Real estate evaluation<\/h3>\n<p>Uus Maa real estate evaluation is accepted by all financial institutions.<br \/>\n<a href=\"\/en\/services\/real-estate-evaluation\">Read more<\/a><\/p>\n<\/div>\n<div class=\"serviceFive\">\n<h3>Selling real estate<\/h3>\n<p>Our brokers will assist you throughout the sales process.<br \/>\n<a href=\"\/en\/services\/selling-real-estate\">Read more<\/a><\/p>\n<\/div>\n<\/div>\n<p>[\/vc_column_text][\/vc_column_inner][vc_column_inner width=&#8221;1\/3&#8243;][\/vc_column_inner][\/vc_row_inner][\/vc_column][\/vc_row][vc_row full_width=&#8221;stretch_row&#8221; el_id=&#8221;landingTwo&#8221;][vc_column width=&#8221;2\/3&#8243; el_class=&#8221;yellow&#8221;][vc_column_text]<\/p>\n<div class=\"blockCont\">\n<div class=\"oneThree\">\n<div class=\"icon1\"><\/div>\n<h3>Commercial real estate<\/h3>\n<p>Uus Maa Pluss team has brokers who have expertise in commercial real estate.<\/p><\/div>\n<div class=\"oneThree\">\n<div class=\"icon2\"><\/div>\n<h3>Residential real estate<\/h3>\n<p>Extensive network of contacts and satisfied customers make it possible to find both buyers and sellers at exceptional speed.<\/p><\/div>\n<div class=\"oneThree\">\n<div class=\"icon3\"><\/div>\n<h3>Real estate evaluation<\/h3>\n<p>Uus Maa Pluss team will evaluation your real estate and will do it for free!<\/p><\/div>\n<div class=\"hiddenBlock\">\n<h2>Uus Maa Pluss kontor<\/h2>\n<p>I am text block. Click edit button to change this text. Lorem ipsum dolor sit amet, consectetur adipiscing elit. Ut elit tellus, luctus nec ullamcorper mattis, pulvinar dapibus leo.<\/p><\/div>\n<\/div>\n<p>[\/vc_column_text][\/vc_column][vc_column width=&#8221;1\/3&#8243;][vc_column_text el_class=&#8221;textBlock&#8221;]<\/p>\n<h2>Uus Maa Pluss office<\/h2>\n<p>Choosing a real estate agency is an important decision to find a hassle-free investment, a home that meets your expectations or a buyer for your real estate at the best possible price. Because of the large amounts involved in real estate transactions, it is extremely important to have a proper administration and a competent broker to advise and guide the whole process!<\/p>\n<p><a class=\"ctaBtn\" href=\"\/en\/services\">Services<\/a>[\/vc_column_text][\/vc_column][\/vc_row][vc_row][vc_column][vc_column_text el_class=&#8221;feedback-title&#8221;]<\/p>\n<h2>Client feedback<\/h2>\n<p>Our driving force are our values and their core has always been customer satisfaction. Our goal is always to provide our customers with more value than anyone else. That\u2019s why customer feedback is vital to us.[\/vc_column_text][\/vc_column][\/vc_row][vc_row gap=&#8221;10&#8243; equal_height=&#8221;yes&#8221; el_class=&#8221;feedback-row&#8221;][vc_column width=&#8221;1\/2&#8243; el_class=&#8221;test-block&#8221;][vc_column_text]<\/p>\n<div class=\"tes-img-l\">\n<h3>J\u00e4rgmise kinnisvaratehinguni!<\/h3>\n<\/div>\n<p>Koost\u00f6\u00f6 alguses sai tegevusplaan ning selged ootused paika pandud, mida Priit j\u00e4rgis perfektsuseni. Tunnetas v\u00e4ga h\u00e4sti, millist infot koheselt jagada, kuidas ootusp\u00e4raselt protsessi juhtida ning kogu raske t\u00f6\u00f6 vaevaks m\u00fc\u00fck pakkumushinnaga.<br \/>\nKudos, Priit! J\u00e4rgmise kinnisvaratehinguni!<\/p>\n<h5>Erik Oja<\/h5>\n<p>[\/vc_column_text][\/vc_column][vc_column width=&#8221;1\/2&#8243; el_class=&#8221;test-block&#8221;][vc_column_text]<\/p>\n<div class=\"tes-img-r\">\n<h3>Kindlasti soovitan teistelegi!<\/h3>\n<\/div>\n<p>Tema kogemused ja professionaalsus aitavad Teil paika panna kogu plaani, mis on vajalik, et j\u00f5uaksite eduka m\u00fc\u00fcgi- v\u00f5i \u00fc\u00fcritehinguni. Priidu suurep\u00e4rane turu tunnetus ja suhtlemisoskus ostjate\/\u00fc\u00fcrijatega aitasid minul tehingusse j\u00f5uda l\u00fchikese ajaga. Kasutasin Priidu abi, koost\u00f6\u00f6 sujus, kindlasti soovitan teistelegi ja ka tulevikus usaldaksin oma kinnisvaratehingud tema k\u00e4tesse!<\/p>\n<h5>Vaido Veek<\/h5>\n<p>[\/vc_column_text][\/vc_column][\/vc_row][vc_row full_width=&#8221;stretch_row&#8221; el_id=&#8221;landingFive&#8221; css=&#8221;.vc_custom_1570953840368{background-position: center !important;background-repeat: no-repeat !important;background-size: cover !important;}&#8221;][vc_column][vc_row_inner content_placement=&#8221;middle&#8221; el_class=&#8221;innerRow&#8221;][vc_column_inner][vc_column_text el_class=&#8221;contactBlock&#8221;]<\/p>\n<h2>Feel free to ask<\/h2>\n<p>If you did not find the answer to your question then feel free to contact us.<br \/>\n\n<div class=\"wpcf7 no-js\" id=\"wpcf7-f25421-o1\" lang=\"et\" dir=\"ltr\" data-wpcf7-id=\"25421\">\n<div class=\"screen-reader-response\"><p role=\"status\" aria-live=\"polite\" aria-atomic=\"true\"><\/p> <ul><\/ul><\/div>\n<form action=\"\/en\/wp-json\/wp\/v2\/pages\/25465#wpcf7-f25421-o1\" method=\"post\" class=\"wpcf7-form init\" aria-label=\"Contact form\" novalidate=\"novalidate\" data-status=\"init\">\n<fieldset class=\"hidden-fields-container\"><input type=\"hidden\" name=\"_wpcf7\" value=\"25421\" \/><input type=\"hidden\" name=\"_wpcf7_version\" value=\"6.1.5\" \/><input type=\"hidden\" name=\"_wpcf7_locale\" value=\"et\" \/><input type=\"hidden\" name=\"_wpcf7_unit_tag\" value=\"wpcf7-f25421-o1\" \/><input type=\"hidden\" name=\"_wpcf7_container_post\" value=\"0\" \/><input type=\"hidden\" name=\"_wpcf7_posted_data_hash\" value=\"\" \/><input type=\"hidden\" name=\"_wpcf7_recaptcha_response\" value=\"\" \/>\n<\/fieldset>\n<p><span class=\"wpcf7-form-control-wrap\" data-name=\"your-email\"><input size=\"40\" maxlength=\"400\" class=\"wpcf7-form-control wpcf7-email wpcf7-validates-as-required wpcf7-text wpcf7-validates-as-email\" aria-required=\"true\" aria-invalid=\"false\" placeholder=\"Your email\" value=\"\" type=\"email\" name=\"your-email\" \/><\/span>\n<\/p>\n<p><span class=\"wpcf7-form-control-wrap\" data-name=\"tel-350\"><input size=\"40\" maxlength=\"400\" class=\"wpcf7-form-control wpcf7-tel wpcf7-validates-as-required wpcf7-text wpcf7-validates-as-tel\" aria-required=\"true\" aria-invalid=\"false\" placeholder=\"Your phone\" value=\"\" type=\"tel\" name=\"tel-350\" \/><\/span>\n<\/p>\n<div class=\"fullR\">\n\t<div class=\"textarea\">\n\t\t<p><span class=\"wpcf7-form-control-wrap\" data-name=\"your-message\"><textarea cols=\"40\" rows=\"10\" maxlength=\"2000\" class=\"wpcf7-form-control wpcf7-textarea\" aria-invalid=\"false\" placeholder=\"Question\/message\" name=\"your-message\"><\/textarea><\/span>\n\t\t<\/p>\n\t<\/div>\n\t<div class=\"formButton\">\n\t\t<p><input class=\"wpcf7-form-control wpcf7-submit has-spinner\" type=\"submit\" value=\"Send\" \/>\n\t\t<\/p>\n\t<\/div>\n\n<\/div><div class=\"wpcf7-response-output\" aria-hidden=\"true\"><\/div>\n<\/form>\n<\/div>\n[\/vc_column_text][\/vc_column_inner][\/vc_row_inner][\/vc_column][\/vc_row]<\/p>\n<\/div>","protected":false},"excerpt":{"rendered":"<p>[vc_row full_width=&#8221;stretch_row&#8221; el_id=&#8221;landingThree&#8221;][vc_column][vc_row_inner][vc_column_inner width=&#8221;2\/3&#8243;][vc_column_text]Choosing a real estate agency is an important decision to find a hassle-free investment, a home that meets your expectations or a buyer for your real estate at the best possible price. Because of the large amounts involved in real estate transactions, it is extremely important to have a proper administration and a competent broker to advise and guide the whole &#8230;<\/p>\n","protected":false},"author":1,"featured_media":53838,"parent":0,"menu_order":0,"comment_status":"closed","ping_status":"closed","template":"","meta":{"_acf_changed":false,"inline_featured_image":false,"footnotes":""},"class_list":["post-25465","page","type-page","status-publish","has-post-thumbnail","hentry"],"acf":[],"yoast_head":"<!-- This site is optimized with the Yoast SEO plugin v27.3 - https:\/\/yoast.com\/product\/yoast-seo-wordpress\/ -->\n<title>Services | Uus Maa Pluss<\/title>\n<meta name=\"description\" content=\"Services \u00b7 Real Estate Brokerage \u00b7 Commercial Real Estate Brokerage \u00b7 Appraisal ... flexible, reliable and responsive to the needs of each individual client.\" \/>\n<meta name=\"robots\" content=\"index, follow, max-snippet:-1, max-image-preview:large, max-video-preview:-1\" \/>\n<link rel=\"canonical\" href=\"https:\/\/uusmaapluss.ee\/en\/services\" \/>\n<meta property=\"og:locale\" content=\"en_US\" \/>\n<meta property=\"og:type\" content=\"article\" \/>\n<meta property=\"og:title\" content=\"Services | Uus Maa Pluss\" \/>\n<meta property=\"og:description\" content=\"Services \u00b7 Real Estate Brokerage \u00b7 Commercial Real Estate Brokerage \u00b7 Appraisal ... flexible, reliable and responsive to the needs of each individual client.\" \/>\n<meta property=\"og:url\" content=\"https:\/\/uusmaapluss.ee\/en\/services\" \/>\n<meta property=\"og:site_name\" content=\"Uus Maa Pluss\" \/>\n<meta property=\"article:publisher\" content=\"https:\/\/www.facebook.com\/pg\/uusmaapluss\/services\/\" \/>\n<meta property=\"article:modified_time\" content=\"2020-05-20T06:02:26+00:00\" \/>\n<meta property=\"og:image\" content=\"https:\/\/uusmaapluss.ee\/wp-content\/uploads\/2020\/03\/uus-maa-pluss-1.png\" \/>\n\t<meta property=\"og:image:width\" content=\"400\" \/>\n\t<meta property=\"og:image:height\" content=\"298\" \/>\n\t<meta property=\"og:image:type\" content=\"image\/png\" \/>\n<meta name=\"twitter:card\" content=\"summary_large_image\" \/>\n<meta name=\"twitter:label1\" content=\"Est. reading time\" \/>\n\t<meta name=\"twitter:data1\" content=\"3 minutes\" \/>\n<script type=\"application\/ld+json\" class=\"yoast-schema-graph\">{\"@context\":\"https:\\\/\\\/schema.org\",\"@graph\":[{\"@type\":\"WebPage\",\"@id\":\"https:\\\/\\\/uusmaapluss.ee\\\/en\\\/services\",\"url\":\"https:\\\/\\\/uusmaapluss.ee\\\/en\\\/services\",\"name\":\"Services | Uus Maa Pluss\",\"isPartOf\":{\"@id\":\"https:\\\/\\\/uusmaapluss.ee\\\/#website\"},\"primaryImageOfPage\":{\"@id\":\"https:\\\/\\\/uusmaapluss.ee\\\/en\\\/services#primaryimage\"},\"image\":{\"@id\":\"https:\\\/\\\/uusmaapluss.ee\\\/en\\\/services#primaryimage\"},\"thumbnailUrl\":\"https:\\\/\\\/uusmaapluss.ee\\\/wp-content\\\/uploads\\\/2022\\\/12\\\/3.jpg\",\"datePublished\":\"2019-12-18T18:03:43+00:00\",\"dateModified\":\"2020-05-20T06:02:26+00:00\",\"description\":\"Services \u00b7 Real Estate Brokerage \u00b7 Commercial Real Estate Brokerage \u00b7 Appraisal ... flexible, reliable and responsive to the needs of each individual client.\",\"breadcrumb\":{\"@id\":\"https:\\\/\\\/uusmaapluss.ee\\\/en\\\/services#breadcrumb\"},\"inLanguage\":\"en-US\",\"potentialAction\":[{\"@type\":\"ReadAction\",\"target\":[\"https:\\\/\\\/uusmaapluss.ee\\\/en\\\/services\"]}]},{\"@type\":\"ImageObject\",\"inLanguage\":\"en-US\",\"@id\":\"https:\\\/\\\/uusmaapluss.ee\\\/en\\\/services#primaryimage\",\"url\":\"https:\\\/\\\/uusmaapluss.ee\\\/wp-content\\\/uploads\\\/2022\\\/12\\\/3.jpg\",\"contentUrl\":\"https:\\\/\\\/uusmaapluss.ee\\\/wp-content\\\/uploads\\\/2022\\\/12\\\/3.jpg\",\"width\":1240,\"height\":599},{\"@type\":\"BreadcrumbList\",\"@id\":\"https:\\\/\\\/uusmaapluss.ee\\\/en\\\/services#breadcrumb\",\"itemListElement\":[{\"@type\":\"ListItem\",\"position\":1,\"name\":\"Uus Maa Pluss\",\"item\":\"https:\\\/\\\/uusmaapluss.ee\\\/en\"},{\"@type\":\"ListItem\",\"position\":2,\"name\":\"Services\"}]},{\"@type\":\"WebSite\",\"@id\":\"https:\\\/\\\/uusmaapluss.ee\\\/#website\",\"url\":\"https:\\\/\\\/uusmaapluss.ee\\\/\",\"name\":\"Uus Maa Pluss\",\"description\":\"Meie kliendid soovitavad\",\"publisher\":{\"@id\":\"https:\\\/\\\/uusmaapluss.ee\\\/#organization\"},\"potentialAction\":[{\"@type\":\"SearchAction\",\"target\":{\"@type\":\"EntryPoint\",\"urlTemplate\":\"https:\\\/\\\/uusmaapluss.ee\\\/?s={search_term_string}\"},\"query-input\":{\"@type\":\"PropertyValueSpecification\",\"valueRequired\":true,\"valueName\":\"search_term_string\"}}],\"inLanguage\":\"en-US\"},{\"@type\":\"Organization\",\"@id\":\"https:\\\/\\\/uusmaapluss.ee\\\/#organization\",\"name\":\"Uus Maa Pluss\",\"url\":\"https:\\\/\\\/uusmaapluss.ee\\\/\",\"logo\":{\"@type\":\"ImageObject\",\"inLanguage\":\"en-US\",\"@id\":\"https:\\\/\\\/uusmaapluss.ee\\\/#\\\/schema\\\/logo\\\/image\\\/\",\"url\":\"https:\\\/\\\/uusmaapluss.ee\\\/wp-content\\\/uploads\\\/2019\\\/10\\\/uusmaapluss.png\",\"contentUrl\":\"https:\\\/\\\/uusmaapluss.ee\\\/wp-content\\\/uploads\\\/2019\\\/10\\\/uusmaapluss.png\",\"width\":516,\"height\":57,\"caption\":\"Uus Maa Pluss\"},\"image\":{\"@id\":\"https:\\\/\\\/uusmaapluss.ee\\\/#\\\/schema\\\/logo\\\/image\\\/\"},\"sameAs\":[\"https:\\\/\\\/www.facebook.com\\\/pg\\\/uusmaapluss\\\/services\\\/\",\"https:\\\/\\\/www.instagram.com\\\/uusmaa_pluss\\\/\"]}]}<\/script>\n<!-- \/ Yoast SEO plugin. -->","yoast_head_json":{"title":"Services | Uus Maa Pluss","description":"Services \u00b7 Real Estate Brokerage \u00b7 Commercial Real Estate Brokerage \u00b7 Appraisal ... flexible, reliable and responsive to the needs of each individual client.","robots":{"index":"index","follow":"follow","max-snippet":"max-snippet:-1","max-image-preview":"max-image-preview:large","max-video-preview":"max-video-preview:-1"},"canonical":"https:\/\/uusmaapluss.ee\/en\/services","og_locale":"en_US","og_type":"article","og_title":"Services | Uus Maa Pluss","og_description":"Services \u00b7 Real Estate Brokerage \u00b7 Commercial Real Estate Brokerage \u00b7 Appraisal ... flexible, reliable and responsive to the needs of each individual client.","og_url":"https:\/\/uusmaapluss.ee\/en\/services","og_site_name":"Uus Maa Pluss","article_publisher":"https:\/\/www.facebook.com\/pg\/uusmaapluss\/services\/","article_modified_time":"2020-05-20T06:02:26+00:00","og_image":[{"width":400,"height":298,"url":"https:\/\/uusmaapluss.ee\/wp-content\/uploads\/2020\/03\/uus-maa-pluss-1.png","type":"image\/png"}],"twitter_card":"summary_large_image","twitter_misc":{"Est. reading time":"3 minutes"},"schema":{"@context":"https:\/\/schema.org","@graph":[{"@type":"WebPage","@id":"https:\/\/uusmaapluss.ee\/en\/services","url":"https:\/\/uusmaapluss.ee\/en\/services","name":"Services | Uus Maa Pluss","isPartOf":{"@id":"https:\/\/uusmaapluss.ee\/#website"},"primaryImageOfPage":{"@id":"https:\/\/uusmaapluss.ee\/en\/services#primaryimage"},"image":{"@id":"https:\/\/uusmaapluss.ee\/en\/services#primaryimage"},"thumbnailUrl":"https:\/\/uusmaapluss.ee\/wp-content\/uploads\/2022\/12\/3.jpg","datePublished":"2019-12-18T18:03:43+00:00","dateModified":"2020-05-20T06:02:26+00:00","description":"Services \u00b7 Real Estate Brokerage \u00b7 Commercial Real Estate Brokerage \u00b7 Appraisal ... flexible, reliable and responsive to the needs of each individual client.","breadcrumb":{"@id":"https:\/\/uusmaapluss.ee\/en\/services#breadcrumb"},"inLanguage":"en-US","potentialAction":[{"@type":"ReadAction","target":["https:\/\/uusmaapluss.ee\/en\/services"]}]},{"@type":"ImageObject","inLanguage":"en-US","@id":"https:\/\/uusmaapluss.ee\/en\/services#primaryimage","url":"https:\/\/uusmaapluss.ee\/wp-content\/uploads\/2022\/12\/3.jpg","contentUrl":"https:\/\/uusmaapluss.ee\/wp-content\/uploads\/2022\/12\/3.jpg","width":1240,"height":599},{"@type":"BreadcrumbList","@id":"https:\/\/uusmaapluss.ee\/en\/services#breadcrumb","itemListElement":[{"@type":"ListItem","position":1,"name":"Uus Maa Pluss","item":"https:\/\/uusmaapluss.ee\/en"},{"@type":"ListItem","position":2,"name":"Services"}]},{"@type":"WebSite","@id":"https:\/\/uusmaapluss.ee\/#website","url":"https:\/\/uusmaapluss.ee\/","name":"Uus Maa Pluss","description":"Meie kliendid soovitavad","publisher":{"@id":"https:\/\/uusmaapluss.ee\/#organization"},"potentialAction":[{"@type":"SearchAction","target":{"@type":"EntryPoint","urlTemplate":"https:\/\/uusmaapluss.ee\/?s={search_term_string}"},"query-input":{"@type":"PropertyValueSpecification","valueRequired":true,"valueName":"search_term_string"}}],"inLanguage":"en-US"},{"@type":"Organization","@id":"https:\/\/uusmaapluss.ee\/#organization","name":"Uus Maa Pluss","url":"https:\/\/uusmaapluss.ee\/","logo":{"@type":"ImageObject","inLanguage":"en-US","@id":"https:\/\/uusmaapluss.ee\/#\/schema\/logo\/image\/","url":"https:\/\/uusmaapluss.ee\/wp-content\/uploads\/2019\/10\/uusmaapluss.png","contentUrl":"https:\/\/uusmaapluss.ee\/wp-content\/uploads\/2019\/10\/uusmaapluss.png","width":516,"height":57,"caption":"Uus Maa Pluss"},"image":{"@id":"https:\/\/uusmaapluss.ee\/#\/schema\/logo\/image\/"},"sameAs":["https:\/\/www.facebook.com\/pg\/uusmaapluss\/services\/","https:\/\/www.instagram.com\/uusmaa_pluss\/"]}]}},"_links":{"self":[{"href":"https:\/\/uusmaapluss.ee\/en\/wp-json\/wp\/v2\/pages\/25465","targetHints":{"allow":["GET"]}}],"collection":[{"href":"https:\/\/uusmaapluss.ee\/en\/wp-json\/wp\/v2\/pages"}],"about":[{"href":"https:\/\/uusmaapluss.ee\/en\/wp-json\/wp\/v2\/types\/page"}],"author":[{"embeddable":true,"href":"https:\/\/uusmaapluss.ee\/en\/wp-json\/wp\/v2\/users\/1"}],"replies":[{"embeddable":true,"href":"https:\/\/uusmaapluss.ee\/en\/wp-json\/wp\/v2\/comments?post=25465"}],"version-history":[{"count":8,"href":"https:\/\/uusmaapluss.ee\/en\/wp-json\/wp\/v2\/pages\/25465\/revisions"}],"predecessor-version":[{"id":34023,"href":"https:\/\/uusmaapluss.ee\/en\/wp-json\/wp\/v2\/pages\/25465\/revisions\/34023"}],"wp:featuredmedia":[{"embeddable":true,"href":"https:\/\/uusmaapluss.ee\/en\/wp-json\/wp\/v2\/media\/53838"}],"wp:attachment":[{"href":"https:\/\/uusmaapluss.ee\/en\/wp-json\/wp\/v2\/media?parent=25465"}],"curies":[{"name":"wp","href":"https:\/\/api.w.org\/{rel}","templated":true}]}}