{"id":25463,"date":"2019-12-18T18:03:12","date_gmt":"2019-12-18T18:03:12","guid":{"rendered":"https:\/\/pluss.profound.ee\/?page_id=25463"},"modified":"2020-06-14T15:59:25","modified_gmt":"2020-06-14T12:59:25","slug":"apply-for-work","status":"publish","type":"page","link":"https:\/\/uusmaapluss.ee\/en\/about-us\/apply-for-work","title":{"rendered":"Apply for work"},"content":{"rendered":"<div class=\"wpb-content-wrapper\"><p>[vc_row full_width=&#8221;stretch_row&#8221; el_id=&#8221;workOne&#8221;][vc_column width=&#8221;2\/3&#8243; el_class=&#8221;yellow&#8221;][vc_column_text]<\/p>\n<div class=\"blockCont\">\n<div class=\"oneThree\">\n<div class=\"icon4\"><\/div>\n<h3>Silmapaistev meeskond<\/h3>\n<p>Keskkond, milles elame, m\u00e4ngib olulist rolli meie arengus. Uus Maa Pluss harukontori meeskond on \u00fcks edukaimaid Eestis.<\/p>\n<\/div>\n<div class=\"oneThree\">\n<div class=\"icon5\"><\/div>\n<h3>Koolitused ja v\u00f5imalused<\/h3>\n<p>Meil on tugev koolitus-ja mentorluss\u00fcsteem, mis annab Sulle v\u00f5imaluse \u00f5ppida parimatelt ja saada edukaks ning professionaalseks maakleriks. Kujunda oma sissetulek, n\u00e4dalad ja elustiil selliseks, mis Sind motiveerib ja mida v\u00e4\u00e4rid.<\/p>\n<\/div>\n<div class=\"oneThree\">\n<div class=\"icon6\"><\/div>\n<h3>Kontor s\u00fcdalinnas<\/h3>\n<p>Uus Maa Pluss&#8217;i kontor asub s\u00fcdalinnas; info ja melu keskel, logistiliselt mugavas ja prestii\u017ees asukohas.<\/p>\n<\/div>\n<\/div>\n<p>[\/vc_column_text][\/vc_column][vc_column width=&#8221;1\/3&#8243;][vc_column_text el_class=&#8221;textBlock&#8221;]<\/p>\n<h2>Tule Uus Maa Pluss maakleriks!<\/h2>\n<p>Oled t\u00fcdinenud palgat\u00f6\u00f6st?<br \/>\nTule ettev\u00f5tjaks Eesti juhtivasse kinnisvarab\u00fcroosse!<\/p>\n<p>Ootame Sind!<\/p>\n<p>Kandideerimiseks saada oma CV ja motivatsioonikiri <a href=\"mailto:pluss@uusmaa.ee\">pluss@uusmaa.ee<\/a>[\/vc_column_text][\/vc_column][\/vc_row][vc_row el_id=&#8221;tule-toole&#8221; el_class=&#8221;workTwo&#8221;][vc_column][vc_tta_tour style=&#8221;modern&#8221; color=&#8221;white&#8221; spacing=&#8221;10&#8243; gap=&#8221;10&#8243; active_section=&#8221;1&#8243; title=&#8221;KKK&#8221;][vc_tta_section title=&#8221;Millised on tingimused&#8230;&#8221; tab_id=&#8221;noudmised&#8221;][vc_column_text el_class=&#8221;faq one&#8221;]<\/p>\n<h3>Millised on tingimused kandideerimiseks?<\/h3>\n<p>Uus Maa Pluss on paindlik ettev\u00f5te mis on pidevas arengus. Kandideerimisel ei ole me seadnud rangeid eeltingimusi hariduse, t\u00f6\u00f6kogemuse ja erialaste oskuste osas. Meile on oluline kaasata oma meeskonda inimesi kes on tegijad, kellel on pealehakkamist, isu saavutuste j\u00e4rele ning kes jagavad meie \u00fchtseid v\u00e4\u00e4rtusi \u2013 \u00fcletada klientide ootusi, v\u00e4\u00e4rtustada oma meeskonnaliikmeid ning kes m\u00f5istavad meeskonnat\u00f6\u00f6 \u00fchtsuse j\u00f5udu. Kui Sulle tunduvad need v\u00e4\u00e4rtused s\u00fcmpaatsed, siis ootame sinu CV\u2019d aadressil pluss@uusmaa.ee[\/vc_column_text][\/vc_tta_section][vc_tta_section title=&#8221;Kas maaklerina tegutse&#8230;&#8221; tab_id=&#8221;kas-on-vaja-autot-omada&#8221;][vc_column_text el_class=&#8221;faq two&#8221;]<\/p>\n<h3>Kas maaklerina tegutsemiseks on vaja autot omada?<\/h3>\n<p>Mitmel meie tippmaakleril ei ole autojuhilubegi. Autojuhtimisoskus sageli k\u00fcll h\u00f5lbustab ajakasutust, kuid see ei ole kindlasti eeltingimuseks tippu t\u00f5usmisel. Meie meeskonnaliikmeid iseloomustab oskus leida v\u00e4ljakutsetes v\u00f5imalusi, mitte takistusi.[\/vc_column_text][\/vc_tta_section][vc_tta_section title=&#8221;Kas vene keele oskus o&#8230;&#8221; tab_id=&#8221;vene-keele-oskus&#8221;][vc_column_text el_class=&#8221;faq three&#8221;]<\/p>\n<h3><b>Kas vene keele oskus on v\u00e4ga oluline?<\/b><\/h3>\n<p>Vene keelt on m\u00f5nedes Tallinna piirkondades tarvis enam kui teistes. Vene keelt vabalt v\u00f5i v\u00e4hemalt h\u00e4sti k\u00f5nelev kandidaat on igas m\u00fc\u00fcgi- ja teenindusettev\u00f5ttes avas\u00fcli oodatud, kuid keele mitteoskamine kinnisvarakarj\u00e4\u00e4ri alguses ei ole kindlasti takistuseks. Paljud on alustanud minimaalse keeleoskusega ning oskavad t\u00e4naseks edukalt venekeelse kliendiga kinnisvarateemadel suhelda. Kindlasti on oluline valmisolek \u00f5ppida ja suhtlemisbarj\u00e4\u00e4ri puudumine.[\/vc_column_text][\/vc_tta_section][vc_tta_section title=&#8221;Kas eelnev t\u00f6\u00f6kogemu&#8230;&#8221; tab_id=&#8221;eelnev-tookogemus&#8221;][vc_column_text el_class=&#8221;faq four&#8221;]<\/p>\n<h3>Kas eelnev t\u00f6\u00f6kogemus on vajalik?<\/h3>\n<p>Eelnev kogemus pole m\u00e4\u00e4rav, k\u00fcll on aga oluline tahe \u00f5ppida ja pidevalt ennast arendada. K\u00f5ik alustajad l\u00e4bivad algajate koolituse ning iga uus meeskonnaliige saab oma juhendaja, kes esimese poole aasta jooksul suunab ja koolitab teda igap\u00e4evaselt. Meie meeskond on abivalmis ja aastatega kujundatud mentorprogramm teeb sisseelamise imelihtsaks. N\u00e4iteks kaasatakse alustajad maaklerid esimesel v\u00f5imalusel kohtumistele, koos minnakse notarisse, lepinguid s\u00f5lmima, objekti n\u00e4itama ja kaardistama. K\u00f5ik see loob laitmatu hoov\u00f5turaja, millelt alustada oma karj\u00e4\u00e4rilendu kinnisvaras.[\/vc_column_text][\/vc_tta_section][vc_tta_section title=&#8221;Kui suur on minu teeni&#8230;&#8221; tab_id=&#8221;teenimisvoimalus&#8221;][vc_column_text el_class=&#8221;faq five&#8221;]<\/p>\n<h3>Kui suur on minu teenimisv\u00f5imalus?<\/h3>\n<p>Sinu teenistus s\u00f5ltub Sinust endast. Uus Maa Pluss on kinnisvaraturul olnud juba \u00fcle 27 aasta ja me teame t\u00e4pselt, kuidas kinnisvara\u00e4ris tippu j\u00f5uda. Sinu t\u00f6\u00f6kusest ja \u00f5ppimisv\u00f5imest s\u00f5ltub ka sinu teenistus. Meie inimestele meeldib saada tasu vastavalt oma tulemustele ning v\u00f5imalus teenida mitmekordset Eesti keskmist palka. Inimesed on meie suurim v\u00e4\u00e4rtus ning me oskame neid v\u00e4ga h\u00e4sti hoida.[\/vc_column_text][\/vc_tta_section][\/vc_tta_tour][\/vc_column][\/vc_row][vc_row full_width=&#8221;stretch_row&#8221; el_id=&#8221;landingFive&#8221; css=&#8221;.vc_custom_1570953840368{background-position: center !important;background-repeat: no-repeat !important;background-size: cover !important;}&#8221;][vc_column][vc_row_inner content_placement=&#8221;middle&#8221; el_class=&#8221;innerRow&#8221;][vc_column_inner][vc_column_text el_class=&#8221;contactBlock&#8221;]<\/p>\n<h2>Feel free to ask<\/h2>\n<p>If you did not find the answer to your question then feel free to contact us.<br \/>\n\n<div class=\"wpcf7 no-js\" id=\"wpcf7-f25421-o1\" lang=\"et\" dir=\"ltr\" data-wpcf7-id=\"25421\">\n<div class=\"screen-reader-response\"><p role=\"status\" aria-live=\"polite\" aria-atomic=\"true\"><\/p> <ul><\/ul><\/div>\n<form action=\"\/en\/wp-json\/wp\/v2\/pages\/25463#wpcf7-f25421-o1\" method=\"post\" class=\"wpcf7-form init\" aria-label=\"Contact form\" novalidate=\"novalidate\" data-status=\"init\">\n<fieldset class=\"hidden-fields-container\"><input type=\"hidden\" name=\"_wpcf7\" value=\"25421\" \/><input type=\"hidden\" name=\"_wpcf7_version\" value=\"6.1.5\" \/><input type=\"hidden\" name=\"_wpcf7_locale\" value=\"et\" \/><input type=\"hidden\" name=\"_wpcf7_unit_tag\" value=\"wpcf7-f25421-o1\" \/><input type=\"hidden\" name=\"_wpcf7_container_post\" value=\"0\" \/><input type=\"hidden\" name=\"_wpcf7_posted_data_hash\" value=\"\" \/><input type=\"hidden\" name=\"_wpcf7_recaptcha_response\" value=\"\" \/>\n<\/fieldset>\n<p><span class=\"wpcf7-form-control-wrap\" data-name=\"your-email\"><input size=\"40\" maxlength=\"400\" class=\"wpcf7-form-control wpcf7-email wpcf7-validates-as-required wpcf7-text wpcf7-validates-as-email\" aria-required=\"true\" aria-invalid=\"false\" placeholder=\"Your email\" value=\"\" type=\"email\" name=\"your-email\" \/><\/span>\n<\/p>\n<p><span class=\"wpcf7-form-control-wrap\" data-name=\"tel-350\"><input size=\"40\" maxlength=\"400\" class=\"wpcf7-form-control wpcf7-tel wpcf7-validates-as-required wpcf7-text wpcf7-validates-as-tel\" aria-required=\"true\" aria-invalid=\"false\" placeholder=\"Your phone\" value=\"\" type=\"tel\" name=\"tel-350\" \/><\/span>\n<\/p>\n<div class=\"fullR\">\n\t<div class=\"textarea\">\n\t\t<p><span class=\"wpcf7-form-control-wrap\" data-name=\"your-message\"><textarea cols=\"40\" rows=\"10\" maxlength=\"2000\" class=\"wpcf7-form-control wpcf7-textarea\" aria-invalid=\"false\" placeholder=\"Question\/message\" name=\"your-message\"><\/textarea><\/span>\n\t\t<\/p>\n\t<\/div>\n\t<div class=\"formButton\">\n\t\t<p><input class=\"wpcf7-form-control wpcf7-submit has-spinner\" type=\"submit\" value=\"Send\" \/>\n\t\t<\/p>\n\t<\/div>\n\n<\/div><div class=\"wpcf7-response-output\" aria-hidden=\"true\"><\/div>\n<\/form>\n<\/div>\n[\/vc_column_text][\/vc_column_inner][\/vc_row_inner][\/vc_column][\/vc_row][vc_row][vc_column][\/vc_column][\/vc_row]<\/p>\n<\/div>","protected":false},"excerpt":{"rendered":"<p>[vc_row full_width=&#8221;stretch_row&#8221; el_id=&#8221;workOne&#8221;][vc_column width=&#8221;2\/3&#8243; el_class=&#8221;yellow&#8221;][vc_column_text] Silmapaistev meeskond Keskkond, milles elame, m\u00e4ngib olulist rolli meie arengus. Uus Maa Pluss harukontori meeskond on \u00fcks edukaimaid Eestis. Koolitused ja v\u00f5imalused Meil on tugev koolitus-ja mentorluss\u00fcsteem, mis annab Sulle v\u00f5imaluse \u00f5ppida parimatelt ja saada edukaks ning professionaalseks maakleriks. Kujunda oma sissetulek, n\u00e4dalad ja elustiil selliseks, mis Sind motiveerib ja mida v\u00e4\u00e4rid. Kontor s\u00fcdalinnas Uus Maa Pluss&#8217;i kontor asub &#8230;<\/p>\n","protected":false},"author":1,"featured_media":32203,"parent":25459,"menu_order":0,"comment_status":"closed","ping_status":"closed","template":"","meta":{"_acf_changed":false,"inline_featured_image":false,"footnotes":""},"class_list":["post-25463","page","type-page","status-publish","has-post-thumbnail","hentry"],"acf":[],"yoast_head":"<!-- This site is optimized with the Yoast SEO plugin v27.3 - https:\/\/yoast.com\/product\/yoast-seo-wordpress\/ -->\n<title>Apply for work | Uus Maa Pluss<\/title>\n<meta name=\"robots\" content=\"index, follow, max-snippet:-1, max-image-preview:large, max-video-preview:-1\" \/>\n<link rel=\"canonical\" href=\"https:\/\/uusmaapluss.ee\/en\/about-us\/apply-for-work\" \/>\n<meta property=\"og:locale\" content=\"en_US\" \/>\n<meta property=\"og:type\" content=\"article\" \/>\n<meta property=\"og:title\" content=\"Apply for work | Uus Maa Pluss\" \/>\n<meta property=\"og:description\" content=\"[vc_row full_width=&#8221;stretch_row&#8221; el_id=&#8221;workOne&#8221;][vc_column width=&#8221;2\/3&#8243; el_class=&#8221;yellow&#8221;][vc_column_text] Silmapaistev meeskond Keskkond, milles elame, m\u00e4ngib olulist rolli meie arengus. Uus Maa Pluss harukontori meeskond on \u00fcks edukaimaid Eestis. Koolitused ja v\u00f5imalused Meil on tugev koolitus-ja mentorluss\u00fcsteem, mis annab Sulle v\u00f5imaluse \u00f5ppida parimatelt ja saada edukaks ning professionaalseks maakleriks. Kujunda oma sissetulek, n\u00e4dalad ja elustiil selliseks, mis Sind motiveerib ja mida v\u00e4\u00e4rid. Kontor s\u00fcdalinnas Uus Maa Pluss&#8217;i kontor asub ...\" \/>\n<meta property=\"og:url\" content=\"https:\/\/uusmaapluss.ee\/en\/about-us\/apply-for-work\" \/>\n<meta property=\"og:site_name\" content=\"Uus Maa Pluss\" \/>\n<meta property=\"article:publisher\" content=\"https:\/\/www.facebook.com\/pg\/uusmaapluss\/services\/\" \/>\n<meta property=\"article:modified_time\" content=\"2020-06-14T12:59:25+00:00\" \/>\n<meta property=\"og:image\" content=\"https:\/\/uusmaapluss.ee\/wp-content\/uploads\/2020\/03\/uus-maa-pluss-1.png\" \/>\n\t<meta property=\"og:image:width\" content=\"400\" \/>\n\t<meta property=\"og:image:height\" content=\"298\" \/>\n\t<meta property=\"og:image:type\" content=\"image\/png\" \/>\n<meta name=\"twitter:card\" content=\"summary_large_image\" \/>\n<meta name=\"twitter:label1\" content=\"Est. reading time\" \/>\n\t<meta name=\"twitter:data1\" content=\"4 minutes\" \/>\n<script type=\"application\/ld+json\" class=\"yoast-schema-graph\">{\"@context\":\"https:\\\/\\\/schema.org\",\"@graph\":[{\"@type\":\"WebPage\",\"@id\":\"https:\\\/\\\/uusmaapluss.ee\\\/en\\\/about-us\\\/apply-for-work\",\"url\":\"https:\\\/\\\/uusmaapluss.ee\\\/en\\\/about-us\\\/apply-for-work\",\"name\":\"Apply for work | Uus Maa Pluss\",\"isPartOf\":{\"@id\":\"https:\\\/\\\/uusmaapluss.ee\\\/#website\"},\"primaryImageOfPage\":{\"@id\":\"https:\\\/\\\/uusmaapluss.ee\\\/en\\\/about-us\\\/apply-for-work#primaryimage\"},\"image\":{\"@id\":\"https:\\\/\\\/uusmaapluss.ee\\\/en\\\/about-us\\\/apply-for-work#primaryimage\"},\"thumbnailUrl\":\"https:\\\/\\\/uusmaapluss.ee\\\/wp-content\\\/uploads\\\/2020\\\/03\\\/uus-maa-pluss-1.png\",\"datePublished\":\"2019-12-18T18:03:12+00:00\",\"dateModified\":\"2020-06-14T12:59:25+00:00\",\"breadcrumb\":{\"@id\":\"https:\\\/\\\/uusmaapluss.ee\\\/en\\\/about-us\\\/apply-for-work#breadcrumb\"},\"inLanguage\":\"en-US\",\"potentialAction\":[{\"@type\":\"ReadAction\",\"target\":[\"https:\\\/\\\/uusmaapluss.ee\\\/en\\\/about-us\\\/apply-for-work\"]}]},{\"@type\":\"ImageObject\",\"inLanguage\":\"en-US\",\"@id\":\"https:\\\/\\\/uusmaapluss.ee\\\/en\\\/about-us\\\/apply-for-work#primaryimage\",\"url\":\"https:\\\/\\\/uusmaapluss.ee\\\/wp-content\\\/uploads\\\/2020\\\/03\\\/uus-maa-pluss-1.png\",\"contentUrl\":\"https:\\\/\\\/uusmaapluss.ee\\\/wp-content\\\/uploads\\\/2020\\\/03\\\/uus-maa-pluss-1.png\",\"width\":400,\"height\":298,\"caption\":\"uus-maa-pluss\"},{\"@type\":\"BreadcrumbList\",\"@id\":\"https:\\\/\\\/uusmaapluss.ee\\\/en\\\/about-us\\\/apply-for-work#breadcrumb\",\"itemListElement\":[{\"@type\":\"ListItem\",\"position\":1,\"name\":\"Uus Maa Pluss\",\"item\":\"https:\\\/\\\/uusmaapluss.ee\\\/en\"},{\"@type\":\"ListItem\",\"position\":2,\"name\":\"About us\",\"item\":\"https:\\\/\\\/uusmaapluss.ee\\\/en\\\/about-us\"},{\"@type\":\"ListItem\",\"position\":3,\"name\":\"Apply for work\"}]},{\"@type\":\"WebSite\",\"@id\":\"https:\\\/\\\/uusmaapluss.ee\\\/#website\",\"url\":\"https:\\\/\\\/uusmaapluss.ee\\\/\",\"name\":\"Uus Maa Pluss\",\"description\":\"Meie kliendid soovitavad\",\"publisher\":{\"@id\":\"https:\\\/\\\/uusmaapluss.ee\\\/#organization\"},\"potentialAction\":[{\"@type\":\"SearchAction\",\"target\":{\"@type\":\"EntryPoint\",\"urlTemplate\":\"https:\\\/\\\/uusmaapluss.ee\\\/?s={search_term_string}\"},\"query-input\":{\"@type\":\"PropertyValueSpecification\",\"valueRequired\":true,\"valueName\":\"search_term_string\"}}],\"inLanguage\":\"en-US\"},{\"@type\":\"Organization\",\"@id\":\"https:\\\/\\\/uusmaapluss.ee\\\/#organization\",\"name\":\"Uus Maa Pluss\",\"url\":\"https:\\\/\\\/uusmaapluss.ee\\\/\",\"logo\":{\"@type\":\"ImageObject\",\"inLanguage\":\"en-US\",\"@id\":\"https:\\\/\\\/uusmaapluss.ee\\\/#\\\/schema\\\/logo\\\/image\\\/\",\"url\":\"https:\\\/\\\/uusmaapluss.ee\\\/wp-content\\\/uploads\\\/2019\\\/10\\\/uusmaapluss.png\",\"contentUrl\":\"https:\\\/\\\/uusmaapluss.ee\\\/wp-content\\\/uploads\\\/2019\\\/10\\\/uusmaapluss.png\",\"width\":516,\"height\":57,\"caption\":\"Uus Maa Pluss\"},\"image\":{\"@id\":\"https:\\\/\\\/uusmaapluss.ee\\\/#\\\/schema\\\/logo\\\/image\\\/\"},\"sameAs\":[\"https:\\\/\\\/www.facebook.com\\\/pg\\\/uusmaapluss\\\/services\\\/\",\"https:\\\/\\\/www.instagram.com\\\/uusmaa_pluss\\\/\"]}]}<\/script>\n<!-- \/ Yoast SEO plugin. -->","yoast_head_json":{"title":"Apply for work | Uus Maa Pluss","robots":{"index":"index","follow":"follow","max-snippet":"max-snippet:-1","max-image-preview":"max-image-preview:large","max-video-preview":"max-video-preview:-1"},"canonical":"https:\/\/uusmaapluss.ee\/en\/about-us\/apply-for-work","og_locale":"en_US","og_type":"article","og_title":"Apply for work | Uus Maa Pluss","og_description":"[vc_row full_width=&#8221;stretch_row&#8221; el_id=&#8221;workOne&#8221;][vc_column width=&#8221;2\/3&#8243; el_class=&#8221;yellow&#8221;][vc_column_text] Silmapaistev meeskond Keskkond, milles elame, m\u00e4ngib olulist rolli meie arengus. Uus Maa Pluss harukontori meeskond on \u00fcks edukaimaid Eestis. Koolitused ja v\u00f5imalused Meil on tugev koolitus-ja mentorluss\u00fcsteem, mis annab Sulle v\u00f5imaluse \u00f5ppida parimatelt ja saada edukaks ning professionaalseks maakleriks. Kujunda oma sissetulek, n\u00e4dalad ja elustiil selliseks, mis Sind motiveerib ja mida v\u00e4\u00e4rid. Kontor s\u00fcdalinnas Uus Maa Pluss&#8217;i kontor asub ...","og_url":"https:\/\/uusmaapluss.ee\/en\/about-us\/apply-for-work","og_site_name":"Uus Maa Pluss","article_publisher":"https:\/\/www.facebook.com\/pg\/uusmaapluss\/services\/","article_modified_time":"2020-06-14T12:59:25+00:00","og_image":[{"width":400,"height":298,"url":"https:\/\/uusmaapluss.ee\/wp-content\/uploads\/2020\/03\/uus-maa-pluss-1.png","type":"image\/png"}],"twitter_card":"summary_large_image","twitter_misc":{"Est. reading time":"4 minutes"},"schema":{"@context":"https:\/\/schema.org","@graph":[{"@type":"WebPage","@id":"https:\/\/uusmaapluss.ee\/en\/about-us\/apply-for-work","url":"https:\/\/uusmaapluss.ee\/en\/about-us\/apply-for-work","name":"Apply for work | Uus Maa Pluss","isPartOf":{"@id":"https:\/\/uusmaapluss.ee\/#website"},"primaryImageOfPage":{"@id":"https:\/\/uusmaapluss.ee\/en\/about-us\/apply-for-work#primaryimage"},"image":{"@id":"https:\/\/uusmaapluss.ee\/en\/about-us\/apply-for-work#primaryimage"},"thumbnailUrl":"https:\/\/uusmaapluss.ee\/wp-content\/uploads\/2020\/03\/uus-maa-pluss-1.png","datePublished":"2019-12-18T18:03:12+00:00","dateModified":"2020-06-14T12:59:25+00:00","breadcrumb":{"@id":"https:\/\/uusmaapluss.ee\/en\/about-us\/apply-for-work#breadcrumb"},"inLanguage":"en-US","potentialAction":[{"@type":"ReadAction","target":["https:\/\/uusmaapluss.ee\/en\/about-us\/apply-for-work"]}]},{"@type":"ImageObject","inLanguage":"en-US","@id":"https:\/\/uusmaapluss.ee\/en\/about-us\/apply-for-work#primaryimage","url":"https:\/\/uusmaapluss.ee\/wp-content\/uploads\/2020\/03\/uus-maa-pluss-1.png","contentUrl":"https:\/\/uusmaapluss.ee\/wp-content\/uploads\/2020\/03\/uus-maa-pluss-1.png","width":400,"height":298,"caption":"uus-maa-pluss"},{"@type":"BreadcrumbList","@id":"https:\/\/uusmaapluss.ee\/en\/about-us\/apply-for-work#breadcrumb","itemListElement":[{"@type":"ListItem","position":1,"name":"Uus Maa Pluss","item":"https:\/\/uusmaapluss.ee\/en"},{"@type":"ListItem","position":2,"name":"About us","item":"https:\/\/uusmaapluss.ee\/en\/about-us"},{"@type":"ListItem","position":3,"name":"Apply for work"}]},{"@type":"WebSite","@id":"https:\/\/uusmaapluss.ee\/#website","url":"https:\/\/uusmaapluss.ee\/","name":"Uus Maa Pluss","description":"Meie kliendid soovitavad","publisher":{"@id":"https:\/\/uusmaapluss.ee\/#organization"},"potentialAction":[{"@type":"SearchAction","target":{"@type":"EntryPoint","urlTemplate":"https:\/\/uusmaapluss.ee\/?s={search_term_string}"},"query-input":{"@type":"PropertyValueSpecification","valueRequired":true,"valueName":"search_term_string"}}],"inLanguage":"en-US"},{"@type":"Organization","@id":"https:\/\/uusmaapluss.ee\/#organization","name":"Uus Maa Pluss","url":"https:\/\/uusmaapluss.ee\/","logo":{"@type":"ImageObject","inLanguage":"en-US","@id":"https:\/\/uusmaapluss.ee\/#\/schema\/logo\/image\/","url":"https:\/\/uusmaapluss.ee\/wp-content\/uploads\/2019\/10\/uusmaapluss.png","contentUrl":"https:\/\/uusmaapluss.ee\/wp-content\/uploads\/2019\/10\/uusmaapluss.png","width":516,"height":57,"caption":"Uus Maa Pluss"},"image":{"@id":"https:\/\/uusmaapluss.ee\/#\/schema\/logo\/image\/"},"sameAs":["https:\/\/www.facebook.com\/pg\/uusmaapluss\/services\/","https:\/\/www.instagram.com\/uusmaa_pluss\/"]}]}},"_links":{"self":[{"href":"https:\/\/uusmaapluss.ee\/en\/wp-json\/wp\/v2\/pages\/25463","targetHints":{"allow":["GET"]}}],"collection":[{"href":"https:\/\/uusmaapluss.ee\/en\/wp-json\/wp\/v2\/pages"}],"about":[{"href":"https:\/\/uusmaapluss.ee\/en\/wp-json\/wp\/v2\/types\/page"}],"author":[{"embeddable":true,"href":"https:\/\/uusmaapluss.ee\/en\/wp-json\/wp\/v2\/users\/1"}],"replies":[{"embeddable":true,"href":"https:\/\/uusmaapluss.ee\/en\/wp-json\/wp\/v2\/comments?post=25463"}],"version-history":[{"count":6,"href":"https:\/\/uusmaapluss.ee\/en\/wp-json\/wp\/v2\/pages\/25463\/revisions"}],"predecessor-version":[{"id":33492,"href":"https:\/\/uusmaapluss.ee\/en\/wp-json\/wp\/v2\/pages\/25463\/revisions\/33492"}],"up":[{"embeddable":true,"href":"https:\/\/uusmaapluss.ee\/en\/wp-json\/wp\/v2\/pages\/25459"}],"wp:featuredmedia":[{"embeddable":true,"href":"https:\/\/uusmaapluss.ee\/en\/wp-json\/wp\/v2\/media\/32203"}],"wp:attachment":[{"href":"https:\/\/uusmaapluss.ee\/en\/wp-json\/wp\/v2\/media?parent=25463"}],"curies":[{"name":"wp","href":"https:\/\/api.w.org\/{rel}","templated":true}]}}